{"id":13,"date":"2026-05-04T08:33:33","date_gmt":"2026-05-04T08:33:33","guid":{"rendered":"https:\/\/bepxanhtoancau.com\/?page_id=13"},"modified":"2026-05-04T08:33:33","modified_gmt":"2026-05-04T08:33:33","slug":"thanh-toan-ebook-79-000-vnd","status":"publish","type":"page","link":"https:\/\/bepxanhtoancau.com\/?page_id=13","title":{"rendered":"THANH TO\u00c1N EBOOK 79.000 VND"},"content":{"rendered":"\n<p>M\u1eddi Trang B\u1ebeP XANH TO\u00c0N C\u1ea6U 1 ly c\u00e0 ph\u00ea s\u1eefa \u0111\u00e1 y\u00eau th\u01b0\u01a1ng: 79.000 VND<\/p>\n\n\n\n<p>Vui l\u00f2ng qu\u00e9t m\u00e3 QR MB Bank b\u00ean d\u01b0\u1edbi \u0111\u1ec3 ho\u00e0n t\u1ea5t \u0111\u0103ng k\u00fd nh\u1eadn Ebook.<\/p>\n\n\n\n<p>THANH TO\u00c1N EBOOK 79.000 VND<\/p>\n\n\n\n<p>M\u1eddi Trang B\u1ebeP XANH TO\u00c0N C\u1ea6U 1 ly c\u00e0 ph\u00ea s\u1eefa \u0111\u00e1 y\u00eau th\u01b0\u01a1ng: 79.000 VND<\/p>\n\n\n\n<p>Vui l\u00f2ng qu\u00e9t m\u00e3 QR MB Bank b\u00ean d\u01b0\u1edbi \u0111\u1ec3 ho\u00e0n t\u1ea5t \u0111\u0103ng k\u00fd nh\u1eadn Ebook.<\/p>\n\n\n\n<p><\/p>\n\n\n\n<p>S\u1ed0 TI\u1ec0N C\u1ed0 \u0110\u1ecaNH: 79.000 VND<\/p>\n\n\n\n<p>Sau khi chuy\u1ec3n kho\u1ea3n th\u00e0nh c\u00f4ng, vui l\u00f2ng ch\u1ee5p m\u00e0n h\u00ecnh bill v\u00e0 g\u1eedi v\u1ec1 Zalo:<br>+45 22256227<\/p>\n\n\n\n<p>K\u00e8m \u0111\u1ea7y \u0111\u1ee7:<br>H\u1ecd t\u00ean<br>S\u1ed1 \u0111i\u1ec7n tho\u1ea1i<br>Email nh\u1eadn Ebook<\/p>\n\n\n\n<p>B\u1ebeP XANH TO\u00c0N C\u1ea6U s\u1ebd m\u1edf quy\u1ec1n \u0111\u1ecdc Ebook sau khi \u0111\u1ed1i chi\u1ebfu giao d\u1ecbch th\u00e0nh c\u00f4ng.<\/p>\n\n\n\n<p>L\u01b0u \u00fd: <\/p>\n\n\n\n<p>N\u1ed9i dung chuy\u1ec3n kho\u1ea3n c\u00f3 th\u1ec3 hi\u1ec3n th\u1ecb t\u1ef1 \u0111\u1ed9ng theo app ng\u00e2n h\u00e0ng. <\/p>\n\n\n\n<p>V\u00ec v\u1eady, bill chuy\u1ec3n kho\u1ea3n + h\u1ecd t\u00ean + s\u1ed1 \u0111i\u1ec7n tho\u1ea1i + email l\u00e0 th\u00f4ng tin c\u1ea7n thi\u1ebft \u0111\u1ec3 B\u1ebeP XANH TO\u00c0N C\u1ea6U x\u00e1c nh\u1eadn v\u00e0 g\u1eedi quy\u1ec1n \u0111\u1ecdc Ebook.<\/p>\n\n\n<div class=\"wp-block-image\">\n<figure class=\"aligncenter size-large\"><img loading=\"lazy\" decoding=\"async\" width=\"755\" height=\"1024\" src=\"https:\/\/bepxanhtoancau.com\/wp-content\/uploads\/2026\/05\/QR_MB_BEP_XANH_79000_ZALO_45-755x1024.png\" alt=\"\" class=\"wp-image-16\" srcset=\"https:\/\/bepxanhtoancau.com\/wp-content\/uploads\/2026\/05\/QR_MB_BEP_XANH_79000_ZALO_45-755x1024.png 755w, https:\/\/bepxanhtoancau.com\/wp-content\/uploads\/2026\/05\/QR_MB_BEP_XANH_79000_ZALO_45-221x300.png 221w, https:\/\/bepxanhtoancau.com\/wp-content\/uploads\/2026\/05\/QR_MB_BEP_XANH_79000_ZALO_45-768x1042.png 768w, https:\/\/bepxanhtoancau.com\/wp-content\/uploads\/2026\/05\/QR_MB_BEP_XANH_79000_ZALO_45-1132x1536.png 1132w, https:\/\/bepxanhtoancau.com\/wp-content\/uploads\/2026\/05\/QR_MB_BEP_XANH_79000_ZALO_45-416x565.png 416w, https:\/\/bepxanhtoancau.com\/wp-content\/uploads\/2026\/05\/QR_MB_BEP_XANH_79000_ZALO_45.png 1400w\" sizes=\"auto, (max-width: 755px) 100vw, 755px\" \/><\/figure>\n<\/div>","protected":false},"excerpt":{"rendered":"<p>M\u1eddi Trang B\u1ebeP XANH TO\u00c0N C\u1ea6U 1 ly c\u00e0 ph\u00ea s\u1eefa \u0111\u00e1 y\u00eau th\u01b0\u01a1ng: 79.000 VND Vui l\u00f2ng qu\u00e9t m\u00e3 QR MB Bank b\u00ean d\u01b0\u1edbi \u0111\u1ec3 ho\u00e0n t\u1ea5t \u0111\u0103ng k\u00fd nh\u1eadn Ebook. THANH TO\u00c1N EBOOK 79.000 VND M\u1eddi Trang B\u1ebeP XANH TO\u00c0N C\u1ea6U 1 ly c\u00e0 ph\u00ea s\u1eefa \u0111\u00e1 y\u00eau th\u01b0\u01a1ng: 79.000 VND Vui l\u00f2ng [&hellip;]<\/p>\n","protected":false},"author":1,"featured_media":0,"parent":0,"menu_order":0,"comment_status":"closed","ping_status":"closed","template":"","meta":{"footnotes":""},"class_list":["post-13","page","type-page","status-publish","hentry"],"_links":{"self":[{"href":"https:\/\/bepxanhtoancau.com\/index.php?rest_route=\/wp\/v2\/pages\/13","targetHints":{"allow":["GET"]}}],"collection":[{"href":"https:\/\/bepxanhtoancau.com\/index.php?rest_route=\/wp\/v2\/pages"}],"about":[{"href":"https:\/\/bepxanhtoancau.com\/index.php?rest_route=\/wp\/v2\/types\/page"}],"author":[{"embeddable":true,"href":"https:\/\/bepxanhtoancau.com\/index.php?rest_route=\/wp\/v2\/users\/1"}],"replies":[{"embeddable":true,"href":"https:\/\/bepxanhtoancau.com\/index.php?rest_route=%2Fwp%2Fv2%2Fcomments&post=13"}],"version-history":[{"count":4,"href":"https:\/\/bepxanhtoancau.com\/index.php?rest_route=\/wp\/v2\/pages\/13\/revisions"}],"predecessor-version":[{"id":19,"href":"https:\/\/bepxanhtoancau.com\/index.php?rest_route=\/wp\/v2\/pages\/13\/revisions\/19"}],"wp:attachment":[{"href":"https:\/\/bepxanhtoancau.com\/index.php?rest_route=%2Fwp%2Fv2%2Fmedia&parent=13"}],"curies":[{"name":"wp","href":"https:\/\/api.w.org\/{rel}","templated":true}]}}