{"id":25,"date":"2026-05-05T07:53:26","date_gmt":"2026-05-05T07:53:26","guid":{"rendered":"https:\/\/bepxanhtoancau.com\/?page_id=25"},"modified":"2026-05-05T07:53:26","modified_gmt":"2026-05-05T07:53:26","slug":"thanh-toan-uu-dai-39-000-vnd","status":"publish","type":"page","link":"https:\/\/bepxanhtoancau.com\/?page_id=25","title":{"rendered":"THANH TO\u00c1N \u01afU \u0110\u00c3I 39.000 VND"},"content":{"rendered":"\n<p>\u01afU \u0110\u00c3I RA M\u1eaeT D\u00c0NH CHO 50 NG\u01af\u1edcI \u0110\u1ea6U TI\u00caN<\/p>\n\n\n\n<p>M\u1eddi Trang B\u1ebeP XANH TO\u00c0N C\u1ea6U 1 ly c\u00e0 ph\u00ea s\u1eefa \u0111\u00e1 nh\u1ecf y\u00eau th\u01b0\u01a1ng: 39.000 VND<\/p>\n\n\n\n<p>Vui l\u00f2ng qu\u00e9t m\u00e3 QR MB Bank b\u00ean d\u01b0\u1edbi \u0111\u1ec3 ho\u00e0n t\u1ea5t \u0111\u0103ng k\u00fd nh\u1eadn Ebook.<\/p>\n\n\n\n<p>S\u1ed0 TI\u1ec0N C\u1ed0 \u0110\u1ecaNH: 39.000 VND<\/p>\n\n\n\n<p>Sau khi chuy\u1ec3n kho\u1ea3n th\u00e0nh c\u00f4ng, vui l\u00f2ng ch\u1ee5p m\u00e0n h\u00ecnh bill v\u00e0 g\u1eedi v\u1ec1 :<\/p>\n\n\n\n<p>Zalo: +45 22256227 <\/p>\n\n\n\n<p>hay Inbox Facebook: <a href=\"https:\/\/www.facebook.com\/tracy.nguyen.woa\/\">https:\/\/www.facebook.com\/tracy.nguyen.woa\/<\/a><\/p>\n\n\n\n<p>K\u00e8m \u0111\u1ea7y \u0111\u1ee7:<br>H\u1ecd t\u00ean<br>S\u1ed1 \u0111i\u1ec7n tho\u1ea1i nh\u1eadn Ebook hay<br>Email \u0111\u1ec3 nh\u1eadn Ebook<\/p>\n\n\n\n<p>B\u1ebeP XANH TO\u00c0N C\u1ea6U s\u1ebd m\u1edf quy\u1ec1n \u0111\u1ecdc Ebook sau khi \u0111\u1ed1i chi\u1ebfu giao d\u1ecbch th\u00e0nh c\u00f4ng.<\/p>\n\n\n\n<p>Xin L\u01b0u \u00fd:<\/p>\n\n\n\n<p>\u01afu \u0111\u00e3i 39.000 VND ch\u1ec9 d\u00e0nh cho 50 ng\u01b0\u1eddi \u0111\u1ea7u ti\u00ean. Sau khi h\u1ebft 50 su\u1ea5t, Ebook tr\u1edf v\u1ec1 gi\u00e1 ch\u00ednh th\u1ee9c 79.000 VND.<\/p>\n\n\n<div class=\"wp-block-image\">\n<figure class=\"aligncenter size-large\"><img loading=\"lazy\" decoding=\"async\" width=\"796\" height=\"1024\" src=\"https:\/\/bepxanhtoancau.com\/wp-content\/uploads\/2026\/05\/QR_MB_BEP_XANH_LAUNCH_39000-796x1024.png\" alt=\"\" class=\"wp-image-26\" srcset=\"https:\/\/bepxanhtoancau.com\/wp-content\/uploads\/2026\/05\/QR_MB_BEP_XANH_LAUNCH_39000-796x1024.png 796w, https:\/\/bepxanhtoancau.com\/wp-content\/uploads\/2026\/05\/QR_MB_BEP_XANH_LAUNCH_39000-233x300.png 233w, https:\/\/bepxanhtoancau.com\/wp-content\/uploads\/2026\/05\/QR_MB_BEP_XANH_LAUNCH_39000-768x987.png 768w, https:\/\/bepxanhtoancau.com\/wp-content\/uploads\/2026\/05\/QR_MB_BEP_XANH_LAUNCH_39000-1195x1536.png 1195w, https:\/\/bepxanhtoancau.com\/wp-content\/uploads\/2026\/05\/QR_MB_BEP_XANH_LAUNCH_39000-416x535.png 416w, https:\/\/bepxanhtoancau.com\/wp-content\/uploads\/2026\/05\/QR_MB_BEP_XANH_LAUNCH_39000.png 1400w\" sizes=\"auto, (max-width: 796px) 100vw, 796px\" \/><\/figure>\n<\/div>","protected":false},"excerpt":{"rendered":"<p>\u01afU \u0110\u00c3I RA M\u1eaeT D\u00c0NH CHO 50 NG\u01af\u1edcI \u0110\u1ea6U TI\u00caN M\u1eddi Trang B\u1ebeP XANH TO\u00c0N C\u1ea6U 1 ly c\u00e0 ph\u00ea s\u1eefa \u0111\u00e1 nh\u1ecf y\u00eau th\u01b0\u01a1ng: 39.000 VND Vui l\u00f2ng qu\u00e9t m\u00e3 QR MB Bank b\u00ean d\u01b0\u1edbi \u0111\u1ec3 ho\u00e0n t\u1ea5t \u0111\u0103ng k\u00fd nh\u1eadn Ebook. S\u1ed0 TI\u1ec0N C\u1ed0 \u0110\u1ecaNH: 39.000 VND Sau khi chuy\u1ec3n kho\u1ea3n th\u00e0nh c\u00f4ng, [&hellip;]<\/p>\n","protected":false},"author":1,"featured_media":0,"parent":0,"menu_order":0,"comment_status":"closed","ping_status":"closed","template":"","meta":{"footnotes":""},"class_list":["post-25","page","type-page","status-publish","hentry"],"_links":{"self":[{"href":"https:\/\/bepxanhtoancau.com\/index.php?rest_route=\/wp\/v2\/pages\/25","targetHints":{"allow":["GET"]}}],"collection":[{"href":"https:\/\/bepxanhtoancau.com\/index.php?rest_route=\/wp\/v2\/pages"}],"about":[{"href":"https:\/\/bepxanhtoancau.com\/index.php?rest_route=\/wp\/v2\/types\/page"}],"author":[{"embeddable":true,"href":"https:\/\/bepxanhtoancau.com\/index.php?rest_route=\/wp\/v2\/users\/1"}],"replies":[{"embeddable":true,"href":"https:\/\/bepxanhtoancau.com\/index.php?rest_route=%2Fwp%2Fv2%2Fcomments&post=25"}],"version-history":[{"count":1,"href":"https:\/\/bepxanhtoancau.com\/index.php?rest_route=\/wp\/v2\/pages\/25\/revisions"}],"predecessor-version":[{"id":27,"href":"https:\/\/bepxanhtoancau.com\/index.php?rest_route=\/wp\/v2\/pages\/25\/revisions\/27"}],"wp:attachment":[{"href":"https:\/\/bepxanhtoancau.com\/index.php?rest_route=%2Fwp%2Fv2%2Fmedia&parent=25"}],"curies":[{"name":"wp","href":"https:\/\/api.w.org\/{rel}","templated":true}]}}